{"id":82,"date":"2023-02-19T15:26:15","date_gmt":"2023-02-19T15:26:15","guid":{"rendered":"https:\/\/hpvwissen.fh-salzburg.ac.at\/?page_id=82"},"modified":"2024-02-20T10:54:07","modified_gmt":"2024-02-20T10:54:07","slug":"infektion","status":"publish","type":"page","link":"https:\/\/hpvwissen.fh-salzburg.ac.at\/?page_id=82","title":{"rendered":"Infektion"},"content":{"rendered":"<style>.kb-image82_9a6881-3c .kb-image-has-overlay:after{opacity:0.3;}<\/style>\n<figure class=\"wp-block-kadence-image kb-image82_9a6881-3c alignfull\"><img loading=\"lazy\" decoding=\"async\" width=\"1920\" height=\"696\" src=\"https:\/\/hpvwissen.fh-salzburg.ac.at\/wp-content\/uploads\/2023\/05\/Design-ohne-Titel-1.png\" alt=\"\" class=\"kb-img wp-image-756\" srcset=\"https:\/\/hpvwissen.fh-salzburg.ac.at\/wp-content\/uploads\/2023\/05\/Design-ohne-Titel-1.png 1920w, https:\/\/hpvwissen.fh-salzburg.ac.at\/wp-content\/uploads\/2023\/05\/Design-ohne-Titel-1-300x109.png 300w, https:\/\/hpvwissen.fh-salzburg.ac.at\/wp-content\/uploads\/2023\/05\/Design-ohne-Titel-1-1024x371.png 1024w, https:\/\/hpvwissen.fh-salzburg.ac.at\/wp-content\/uploads\/2023\/05\/Design-ohne-Titel-1-768x278.png 768w, https:\/\/hpvwissen.fh-salzburg.ac.at\/wp-content\/uploads\/2023\/05\/Design-ohne-Titel-1-1536x557.png 1536w\" sizes=\"auto, (max-width: 1920px) 100vw, 1920px\" \/><\/figure>\n\n\n\n<h1 class=\"wp-block-heading has-text-align-center\"><strong>Wie steckt man sich mit Humanen Papillomaviren an?<\/strong><\/h1>\n\n\n<style>.kb-row-layout-id82_b04c7a-be > .kt-row-column-wrap{align-content:start;}:where(.kb-row-layout-id82_b04c7a-be > .kt-row-column-wrap) > .wp-block-kadence-column{justify-content:start;}.kb-row-layout-id82_b04c7a-be > .kt-row-column-wrap{column-gap:var(--global-kb-gap-md, 2rem);row-gap:var(--global-kb-gap-md, 2rem);max-width:var( --global-content-width, 1290px );padding-left:var(--global-content-edge-padding);padding-right:var(--global-content-edge-padding);padding-top:25px;padding-bottom:24px;grid-template-columns:minmax(0, calc(50% - ((var(--global-kb-gap-md, 2rem) * 1 )\/2)))minmax(0, calc(50% - ((var(--global-kb-gap-md, 2rem) * 1 )\/2)));}.kb-row-layout-id82_b04c7a-be > .kt-row-layout-overlay{opacity:0.32;}@media all and (max-width: 1024px){.kb-row-layout-id82_b04c7a-be > .kt-row-column-wrap{grid-template-columns:repeat(2, minmax(0, 1fr));}}@media all and (max-width: 767px){.kb-row-layout-id82_b04c7a-be > .kt-row-column-wrap{grid-template-columns:minmax(0, 1fr);}}<\/style><div class=\"kb-row-layout-wrap kb-row-layout-id82_b04c7a-be alignnone wp-block-kadence-rowlayout\"><div class=\"kt-row-column-wrap kt-has-2-columns kt-row-layout-equal kt-tab-layout-inherit kt-mobile-layout-row kt-row-valign-top kb-theme-content-width\">\n<style>.kadence-column82_79bfc3-df > .kt-inside-inner-col,.kadence-column82_79bfc3-df > .kt-inside-inner-col:before{border-top-left-radius:0px;border-top-right-radius:0px;border-bottom-right-radius:0px;border-bottom-left-radius:0px;}.kadence-column82_79bfc3-df > .kt-inside-inner-col{column-gap:var(--global-kb-gap-sm, 1rem);}.kadence-column82_79bfc3-df > .kt-inside-inner-col{flex-direction:column;}.kadence-column82_79bfc3-df > .kt-inside-inner-col > .aligncenter{width:100%;}.kadence-column82_79bfc3-df > .kt-inside-inner-col:before{opacity:0.3;}.kadence-column82_79bfc3-df{position:relative;}@media all and (max-width: 1024px){.kadence-column82_79bfc3-df > .kt-inside-inner-col{flex-direction:column;justify-content:center;}}@media all and (max-width: 767px){.kadence-column82_79bfc3-df > .kt-inside-inner-col{flex-direction:column;justify-content:center;}}<\/style>\n<div class=\"wp-block-kadence-column kadence-column82_79bfc3-df inner-column-1\"><div class=\"kt-inside-inner-col\">\n<p>Die Infektion mit HPV findet meistens in den ersten Jahren der sexuellen Aktivit\u00e4t durch direkten Kontakt an Haut und Schleimhaut von Penis, Scheide, Geb\u00e4rmutterhals, Analregion oder Mund statt. Seltener wird HPV auch durch Schmierinfektionen bei Benutzung von Gegenst\u00e4nden, z.B. durch gemeinsam benutzte Zahnb\u00fcrsten oder Trinkgl\u00e4ser \u00fcbertragen. Auch die \u00dcbertragung <\/p>\n<\/div><\/div>\n\n\n<style>.kadence-column82_39c2f1-91 > .kt-inside-inner-col,.kadence-column82_39c2f1-91 > .kt-inside-inner-col:before{border-top-left-radius:0px;border-top-right-radius:0px;border-bottom-right-radius:0px;border-bottom-left-radius:0px;}.kadence-column82_39c2f1-91 > .kt-inside-inner-col{column-gap:var(--global-kb-gap-sm, 1rem);}.kadence-column82_39c2f1-91 > .kt-inside-inner-col{flex-direction:column;}.kadence-column82_39c2f1-91 > .kt-inside-inner-col > .aligncenter{width:100%;}.kadence-column82_39c2f1-91 > .kt-inside-inner-col:before{opacity:0.3;}.kadence-column82_39c2f1-91{position:relative;}@media all and (max-width: 1024px){.kadence-column82_39c2f1-91 > .kt-inside-inner-col{flex-direction:column;justify-content:center;}}@media all and (max-width: 767px){.kadence-column82_39c2f1-91 > .kt-inside-inner-col{flex-direction:column;justify-content:center;}}<\/style>\n<div class=\"wp-block-kadence-column kadence-column82_39c2f1-91 inner-column-2\"><div class=\"kt-inside-inner-col\">\n<p class=\"has-text-align-left\">von Mutter auf Kind bei der Geburt ist m\u00f6glich. HPV ist extrem ansteckend, zeigt aber nur selten Symptome. Etwa 80% aller M\u00e4nner und Frauen infizieren sich im Laufe ihres Lebens. Rund 50% der M\u00e4nner sind HPV-positiv und das auch sehr lange. Die Chance f\u00fcr M\u00e4nner, ihre*n Partner*in anzustecken, ist also sehr hoch. Bei Frauen \u00fcber 30 sind nur noch 5-10% positiv.<\/p>\n<\/div><\/div>\n\n<\/div><\/div>\n\n<style>.kb-row-layout-id82_a91c7a-9c > .kt-row-column-wrap{align-content:start;}:where(.kb-row-layout-id82_a91c7a-9c > .kt-row-column-wrap) > .wp-block-kadence-column{justify-content:start;}.kb-row-layout-id82_a91c7a-9c > .kt-row-column-wrap{column-gap:var(--global-kb-gap-md, 2rem);row-gap:var(--global-kb-gap-md, 2rem);max-width:var( --global-content-width, 1290px );padding-left:var(--global-content-edge-padding);padding-right:var(--global-content-edge-padding);padding-top:var(--global-kb-spacing-sm, 1.5rem);padding-bottom:var(--global-kb-spacing-sm, 1.5rem);grid-template-columns:minmax(0, 1fr);}.kb-row-layout-id82_a91c7a-9c{background-color:rgba(0,128,128,0.14);}.kb-row-layout-id82_a91c7a-9c > .kt-row-layout-overlay{opacity:0.30;}@media all and (max-width: 1024px){.kb-row-layout-id82_a91c7a-9c > .kt-row-column-wrap{grid-template-columns:minmax(0, 1fr);}}@media all and (max-width: 767px){.kb-row-layout-id82_a91c7a-9c > .kt-row-column-wrap{grid-template-columns:minmax(0, 1fr);}}<\/style><div class=\"kb-row-layout-wrap kb-row-layout-id82_a91c7a-9c alignnone kt-row-has-bg wp-block-kadence-rowlayout\"><div class=\"kt-row-column-wrap kt-has-1-columns kt-row-layout-equal kt-tab-layout-inherit kt-mobile-layout-row kt-row-valign-top kb-theme-content-width\">\n<style>.kadence-column82_639b75-09 > .kt-inside-inner-col,.kadence-column82_639b75-09 > .kt-inside-inner-col:before{border-top-left-radius:0px;border-top-right-radius:0px;border-bottom-right-radius:0px;border-bottom-left-radius:0px;}.kadence-column82_639b75-09 > .kt-inside-inner-col{column-gap:var(--global-kb-gap-sm, 1rem);}.kadence-column82_639b75-09 > .kt-inside-inner-col{flex-direction:column;}.kadence-column82_639b75-09 > .kt-inside-inner-col > .aligncenter{width:100%;}.kadence-column82_639b75-09 > .kt-inside-inner-col:before{opacity:0.3;}.kadence-column82_639b75-09{position:relative;}@media all and (max-width: 1024px){.kadence-column82_639b75-09 > .kt-inside-inner-col{flex-direction:column;justify-content:center;}}@media all and (max-width: 767px){.kadence-column82_639b75-09 > .kt-inside-inner-col{flex-direction:column;justify-content:center;}}<\/style>\n<div class=\"wp-block-kadence-column kadence-column82_639b75-09 inner-column-1\"><div class=\"kt-inside-inner-col\">\n<p>Hat man sich mit HPV infiziert, heilt die Infektion in den allermeisten F\u00e4llen innerhalb von 1-2 Jahren wieder aus. In dieser Zeit ist man allerdings ansteckend f\u00fcr den*die Sexualpartner*in.<\/p>\n<\/div><\/div>\n\n<\/div><\/div>\n\n<style>.kb-row-layout-id82_5f925e-21 > .kt-row-column-wrap{align-content:start;}:where(.kb-row-layout-id82_5f925e-21 > .kt-row-column-wrap) > .wp-block-kadence-column{justify-content:start;}.kb-row-layout-id82_5f925e-21 > .kt-row-column-wrap{column-gap:var(--global-kb-gap-md, 2rem);row-gap:var(--global-kb-gap-md, 2rem);max-width:var( --global-content-width, 1290px );padding-left:var(--global-content-edge-padding);padding-right:var(--global-content-edge-padding);padding-top:45px;padding-bottom:45px;grid-template-columns:repeat(2, minmax(0, 1fr));}.kb-row-layout-id82_5f925e-21{background-color:#fff;}.kb-row-layout-id82_5f925e-21 > .kt-row-layout-overlay{opacity:0.30;}.kb-row-layout-id82_5f925e-21 .kt-row-layout-bottom-sep{height:100px;}.kb-row-layout-id82_5f925e-21 .kt-row-layout-bottom-sep svg{width:100%;}.kb-row-layout-id82_5f925e-21 .kt-row-layout-bottom-sep svg{fill:#ffffff!important;}@media all and (max-width: 1024px){.kb-row-layout-id82_5f925e-21 > .kt-row-column-wrap{grid-template-columns:repeat(2, minmax(0, 1fr));}}@media all and (max-width: 1024px){.kb-row-layout-id82_5f925e-21 .kt-row-layout-bottom-sep{height:px;}}@media all and (max-width: 1024px){.kb-row-layout-id82_5f925e-21 .kt-row-layout-bottom-sep svg{width:%;}}@media all and (max-width: 767px){.kb-row-layout-id82_5f925e-21 > .kt-row-column-wrap{grid-template-columns:minmax(0, 1fr);}.kb-row-layout-id82_5f925e-21 .kt-row-layout-bottom-sep{height:px;}.kb-row-layout-id82_5f925e-21 .kt-row-layout-bottom-sep svg{width:%;}}<\/style><div class=\"kb-row-layout-wrap kb-row-layout-id82_5f925e-21 alignnone kt-row-has-bg wp-block-kadence-rowlayout\"><div class=\"kt-row-column-wrap kt-has-2-columns kt-row-layout-equal kt-tab-layout-inherit kt-mobile-layout-row kt-row-valign-top kb-theme-content-width\">\n<style>.kadence-column82_49e3d1-30 > .kt-inside-inner-col,.kadence-column82_49e3d1-30 > .kt-inside-inner-col:before{border-top-left-radius:0px;border-top-right-radius:0px;border-bottom-right-radius:0px;border-bottom-left-radius:0px;}.kadence-column82_49e3d1-30 > .kt-inside-inner-col{column-gap:var(--global-kb-gap-sm, 1rem);}.kadence-column82_49e3d1-30 > .kt-inside-inner-col{flex-direction:column;}.kadence-column82_49e3d1-30 > .kt-inside-inner-col > .aligncenter{width:100%;}.kadence-column82_49e3d1-30 > .kt-inside-inner-col:before{opacity:0.3;}.kadence-column82_49e3d1-30{position:relative;}@media all and (max-width: 1024px){.kadence-column82_49e3d1-30 > .kt-inside-inner-col{flex-direction:column;justify-content:center;}}@media all and (max-width: 767px){.kadence-column82_49e3d1-30 > .kt-inside-inner-col{flex-direction:column;justify-content:center;}}<\/style>\n<div class=\"wp-block-kadence-column kadence-column82_49e3d1-30 inner-column-1\"><div class=\"kt-inside-inner-col\"><style>.wp-block-kadence-column.kb-section-dir-horizontal > .kt-inside-inner-col > .kt-info-box82_4d56cb-7a .kt-blocks-info-box-link-wrap{max-width:unset;}.kt-info-box82_4d56cb-7a .kt-blocks-info-box-link-wrap{border-top:4px solid var(--global-palette1, #3182CE);border-right:4px solid var(--global-palette1, #3182CE);border-bottom:4px solid var(--global-palette1, #3182CE);border-left:4px solid var(--global-palette1, #3182CE);border-top-left-radius:0px;border-top-right-radius:0px;border-bottom-right-radius:0px;border-bottom-left-radius:0px;background:var(--global-palette9, #ffffff);padding-top:20px;padding-right:20px;padding-bottom:20px;padding-left:20px;}.kt-info-box82_4d56cb-7a .kt-blocks-info-box-link-wrap:hover{background:var(--global-palette9, #ffffff);}.kt-info-box82_4d56cb-7a.wp-block-kadence-infobox{max-width:100%;}.kt-info-box82_4d56cb-7a .kadence-info-box-image-inner-intrisic-container{max-width:500px;}.kt-info-box82_4d56cb-7a .kadence-info-box-image-inner-intrisic-container .kadence-info-box-image-intrisic{padding-bottom:74.9609%;width:2560px;height:0px;max-width:100%;}.kt-info-box82_4d56cb-7a .kadence-info-box-icon-container .kt-info-svg-icon, .kt-info-box82_4d56cb-7a .kt-info-svg-icon-flip, .kt-info-box82_4d56cb-7a .kt-blocks-info-box-number{font-size:50px;}.kt-info-box82_4d56cb-7a .kt-blocks-info-box-media{color:#fff;background:#fff;border-color:#d1d1d1;border-top-width:0px;border-right-width:0px;border-bottom-width:0px;border-left-width:0px;padding-top:0px;padding-right:0px;padding-bottom:0px;padding-left:0px;}.kt-info-box82_4d56cb-7a .kt-blocks-info-box-media-container{margin-top:0px;margin-right:0px;margin-bottom:15px;margin-left:0px;}.kt-info-box82_4d56cb-7a .kt-blocks-info-box-link-wrap:hover .kt-blocks-info-box-media{color:#fff;background:#fff;border-color:#d1d1d1;}.kt-info-box82_4d56cb-7a .kt-infobox-textcontent h2.kt-blocks-info-box-title{color:#444;font-style:normal;font-weight:normal;padding-top:0px;padding-right:0px;padding-bottom:0px;padding-left:0px;margin-top:5px;margin-right:0px;margin-bottom:10px;margin-left:0px;}.kt-info-box82_4d56cb-7a .kt-blocks-info-box-link-wrap:hover h2.kt-blocks-info-box-title{color:#000;}.kt-info-box82_4d56cb-7a .kt-infobox-textcontent .kt-blocks-info-box-text{color:#444;}.wp-block-kadence-infobox.kt-info-box82_4d56cb-7a .kt-blocks-info-box-text{font-size:16px;line-height:24px;font-style:normal;font-weight:normal;}.kt-info-box82_4d56cb-7a .kt-blocks-info-box-link-wrap:hover .kt-blocks-info-box-text{color:#000;}.kt-info-box82_4d56cb-7a .kt-blocks-info-box-learnmore{color:#fff;background:var(--global-palette1, #3182CE);border-color:#555555;font-style:normal;font-weight:normal;border-width:0px 0px 0px 0px;padding-top:6px;padding-right:10px;padding-bottom:6px;padding-left:10px;margin-top:20px;margin-right:0px;margin-bottom:10px;margin-left:0px;}.kt-info-box82_4d56cb-7a .kt-blocks-info-box-link-wrap:hover .kt-blocks-info-box-learnmore,.kt-info-box82_4d56cb-7a .kt-blocks-info-box-link-wrap .kt-blocks-info-box-learnmore:focus{color:#fff;background:rgba(0,128,128,0.73);border-color:#444444;}@media all and (max-width: 1024px){.kt-info-box82_4d56cb-7a .kt-blocks-info-box-link-wrap{border-top:4px solid var(--global-palette1, #3182CE);border-right:4px solid var(--global-palette1, #3182CE);border-bottom:4px solid var(--global-palette1, #3182CE);border-left:4px solid var(--global-palette1, #3182CE);}}@media all and (max-width: 767px){.kt-info-box82_4d56cb-7a .kt-blocks-info-box-link-wrap{border-top:4px solid var(--global-palette1, #3182CE);border-right:4px solid var(--global-palette1, #3182CE);border-bottom:4px solid var(--global-palette1, #3182CE);border-left:4px solid var(--global-palette1, #3182CE);}}<\/style>\n<div class=\"wp-block-kadence-infobox kt-info-box82_4d56cb-7a\"><a class=\"kt-blocks-info-box-link-wrap info-box-link kt-blocks-info-box-media-align-top kt-info-halign-center\" href=\"https:\/\/hpvwissen.fh-salzburg.ac.at\/?page_id=235\" aria-label=\"MEHR ERFAHREN\"><div class=\"kt-blocks-info-box-media-container\"><div class=\"kt-blocks-info-box-media kt-info-media-animate-none\"><div class=\"kadence-info-box-image-inner-intrisic-container\"><div class=\"kadence-info-box-image-intrisic kt-info-animate-none\"><div class=\"kadence-info-box-image-inner-intrisic\"><img loading=\"lazy\" decoding=\"async\" src=\"https:\/\/hpvwissen.fh-salzburg.ac.at\/wp-content\/uploads\/2023\/02\/HPV_Fragemaennchen-scaled.jpg\" alt=\"\" width=\"2560\" height=\"1919\" class=\"kt-info-box-image wp-image-193\" srcset=\"https:\/\/hpvwissen.fh-salzburg.ac.at\/wp-content\/uploads\/2023\/02\/HPV_Fragemaennchen-scaled.jpg 2560w, https:\/\/hpvwissen.fh-salzburg.ac.at\/wp-content\/uploads\/2023\/02\/HPV_Fragemaennchen-300x225.jpg 300w, https:\/\/hpvwissen.fh-salzburg.ac.at\/wp-content\/uploads\/2023\/02\/HPV_Fragemaennchen-1024x768.jpg 1024w, https:\/\/hpvwissen.fh-salzburg.ac.at\/wp-content\/uploads\/2023\/02\/HPV_Fragemaennchen-768x576.jpg 768w, https:\/\/hpvwissen.fh-salzburg.ac.at\/wp-content\/uploads\/2023\/02\/HPV_Fragemaennchen-1536x1151.jpg 1536w, https:\/\/hpvwissen.fh-salzburg.ac.at\/wp-content\/uploads\/2023\/02\/HPV_Fragemaennchen-2048x1535.jpg 2048w\" sizes=\"auto, (max-width: 2560px) 100vw, 2560px\" \/><\/div><\/div><\/div><\/div><\/div><div class=\"kt-infobox-textcontent\"><p class=\"kt-blocks-info-box-text\">Heilt die Infektion nicht aus, f\u00fchrt die chronische Besiedelung mit HPV zu Zellver\u00e4nderungen und Krebsvorstufen.<\/p><div class=\"kt-blocks-info-box-learnmore-wrap\"><span class=\"kt-blocks-info-box-learnmore\">MEHR ERFAHREN<\/span><\/div><\/div><\/a><\/div>\n<\/div><\/div>\n\n\n<style>.kadence-column82_dd84a3-dc > .kt-inside-inner-col,.kadence-column82_dd84a3-dc > .kt-inside-inner-col:before{border-top-left-radius:0px;border-top-right-radius:0px;border-bottom-right-radius:0px;border-bottom-left-radius:0px;}.kadence-column82_dd84a3-dc > .kt-inside-inner-col{column-gap:var(--global-kb-gap-sm, 1rem);}.kadence-column82_dd84a3-dc > .kt-inside-inner-col{flex-direction:column;}.kadence-column82_dd84a3-dc > .kt-inside-inner-col > .aligncenter{width:100%;}.kadence-column82_dd84a3-dc > .kt-inside-inner-col:before{opacity:0.3;}.kadence-column82_dd84a3-dc{position:relative;}@media all and (max-width: 1024px){.kadence-column82_dd84a3-dc > .kt-inside-inner-col{flex-direction:column;justify-content:center;}}@media all and (max-width: 767px){.kadence-column82_dd84a3-dc > .kt-inside-inner-col{flex-direction:column;justify-content:center;}}<\/style>\n<div class=\"wp-block-kadence-column kadence-column82_dd84a3-dc inner-column-2\"><div class=\"kt-inside-inner-col\"><style>.wp-block-kadence-column.kb-section-dir-horizontal > .kt-inside-inner-col > .kt-info-box82_a75f91-d4 .kt-blocks-info-box-link-wrap{max-width:unset;}.kt-info-box82_a75f91-d4 .kt-blocks-info-box-link-wrap{border-top:4px solid var(--global-palette1, #3182CE);border-right:4px solid var(--global-palette1, #3182CE);border-bottom:4px solid var(--global-palette1, #3182CE);border-left:4px solid var(--global-palette1, #3182CE);border-top-left-radius:0px;border-top-right-radius:0px;border-bottom-right-radius:0px;border-bottom-left-radius:0px;background:#fff;padding-top:20px;padding-right:20px;padding-bottom:20px;padding-left:20px;}.kt-info-box82_a75f91-d4 .kt-blocks-info-box-link-wrap:hover{background:#fff;}.kt-info-box82_a75f91-d4.wp-block-kadence-infobox{max-width:100%;}.kt-info-box82_a75f91-d4 .kadence-info-box-image-inner-intrisic-container{max-width:500px;}.kt-info-box82_a75f91-d4 .kadence-info-box-image-inner-intrisic-container .kadence-info-box-image-intrisic{padding-bottom:74.9609%;width:2560px;height:0px;max-width:100%;}.kt-info-box82_a75f91-d4 .kadence-info-box-icon-container .kt-info-svg-icon, .kt-info-box82_a75f91-d4 .kt-info-svg-icon-flip, .kt-info-box82_a75f91-d4 .kt-blocks-info-box-number{font-size:50px;}.kt-info-box82_a75f91-d4 .kt-blocks-info-box-media{color:#fff;background:#fff;border-color:#d1d1d1;border-top-width:0px;border-right-width:0px;border-bottom-width:0px;border-left-width:0px;padding-top:0px;padding-right:0px;padding-bottom:0px;padding-left:0px;}.kt-info-box82_a75f91-d4 .kt-blocks-info-box-media-container{margin-top:0px;margin-right:0px;margin-bottom:15px;margin-left:0px;}.kt-info-box82_a75f91-d4 .kt-blocks-info-box-link-wrap:hover .kt-blocks-info-box-media{color:#fff;background:#fff;border-color:#d1d1d1;}.kt-info-box82_a75f91-d4 .kt-infobox-textcontent h2.kt-blocks-info-box-title{color:#444;font-style:normal;font-weight:normal;padding-top:0px;padding-right:0px;padding-bottom:0px;padding-left:0px;margin-top:5px;margin-right:0px;margin-bottom:10px;margin-left:0px;}.kt-info-box82_a75f91-d4 .kt-blocks-info-box-link-wrap:hover h2.kt-blocks-info-box-title{color:#000;}.kt-info-box82_a75f91-d4 .kt-infobox-textcontent .kt-blocks-info-box-text{color:#444;}.wp-block-kadence-infobox.kt-info-box82_a75f91-d4 .kt-blocks-info-box-text{font-size:16px;line-height:24px;font-style:normal;font-weight:normal;}.kt-info-box82_a75f91-d4 .kt-blocks-info-box-link-wrap:hover .kt-blocks-info-box-text{color:#000;}.kt-info-box82_a75f91-d4 .kt-blocks-info-box-learnmore{color:#fff;background:var(--global-palette1, #3182CE);border-color:#555555;font-style:normal;font-weight:normal;border-width:0px 0px 0px 0px;padding-top:6px;padding-right:10px;padding-bottom:6px;padding-left:10px;margin-top:20px;margin-right:0px;margin-bottom:10px;margin-left:0px;}.kt-info-box82_a75f91-d4 .kt-blocks-info-box-link-wrap:hover .kt-blocks-info-box-learnmore,.kt-info-box82_a75f91-d4 .kt-blocks-info-box-link-wrap .kt-blocks-info-box-learnmore:focus{color:#fff;background:rgba(0,128,128,0.73);border-color:#444444;}@media all and (max-width: 1024px){.kt-info-box82_a75f91-d4 .kt-blocks-info-box-link-wrap{border-top:4px solid var(--global-palette1, #3182CE);border-right:4px solid var(--global-palette1, #3182CE);border-bottom:4px solid var(--global-palette1, #3182CE);border-left:4px solid var(--global-palette1, #3182CE);}}@media all and (max-width: 767px){.kt-info-box82_a75f91-d4 .kt-blocks-info-box-link-wrap{border-top:4px solid var(--global-palette1, #3182CE);border-right:4px solid var(--global-palette1, #3182CE);border-bottom:4px solid var(--global-palette1, #3182CE);border-left:4px solid var(--global-palette1, #3182CE);}}<\/style>\n<div class=\"wp-block-kadence-infobox kt-info-box82_a75f91-d4\"><a class=\"kt-blocks-info-box-link-wrap info-box-link kt-blocks-info-box-media-align-top kt-info-halign-center\" href=\"https:\/\/hpvwissen.fh-salzburg.ac.at\/?page_id=252\"><div class=\"kt-blocks-info-box-media-container\"><div class=\"kt-blocks-info-box-media kt-info-media-animate-none\"><div class=\"kadence-info-box-image-inner-intrisic-container\"><div class=\"kadence-info-box-image-intrisic kt-info-animate-none\"><div class=\"kadence-info-box-image-inner-intrisic\"><img loading=\"lazy\" decoding=\"async\" src=\"https:\/\/hpvwissen.fh-salzburg.ac.at\/wp-content\/uploads\/2023\/02\/HPV_Antwortemaennchen-scaled.jpg\" alt=\"\" width=\"2560\" height=\"1919\" class=\"kt-info-box-image wp-image-192\" srcset=\"https:\/\/hpvwissen.fh-salzburg.ac.at\/wp-content\/uploads\/2023\/02\/HPV_Antwortemaennchen-scaled.jpg 2560w, https:\/\/hpvwissen.fh-salzburg.ac.at\/wp-content\/uploads\/2023\/02\/HPV_Antwortemaennchen-300x225.jpg 300w, https:\/\/hpvwissen.fh-salzburg.ac.at\/wp-content\/uploads\/2023\/02\/HPV_Antwortemaennchen-1024x768.jpg 1024w, https:\/\/hpvwissen.fh-salzburg.ac.at\/wp-content\/uploads\/2023\/02\/HPV_Antwortemaennchen-768x576.jpg 768w, https:\/\/hpvwissen.fh-salzburg.ac.at\/wp-content\/uploads\/2023\/02\/HPV_Antwortemaennchen-1536x1151.jpg 1536w, https:\/\/hpvwissen.fh-salzburg.ac.at\/wp-content\/uploads\/2023\/02\/HPV_Antwortemaennchen-2048x1535.jpg 2048w\" sizes=\"auto, (max-width: 2560px) 100vw, 2560px\" \/><\/div><\/div><\/div><\/div><\/div><div class=\"kt-infobox-textcontent\"><p class=\"kt-blocks-info-box-text\"><br\/>Deswegen sind regelm\u00e4\u00dfige Vorsorgeuntersuchungen sehr wichtig.<\/p><div class=\"kt-blocks-info-box-learnmore-wrap\"><span class=\"kt-blocks-info-box-learnmore\">MEHR ERFAHREN<\/span><\/div><\/div><\/a><\/div>\n<\/div><\/div>\n\n<\/div><\/div>\n\n<style>.wp-block-kadence-spacer.kt-block-spacer-82_0b4641-1a .kt-block-spacer{height:60px;}.wp-block-kadence-spacer.kt-block-spacer-82_0b4641-1a .kt-divider{border-top-width:1px;height:1px;border-top-color:var(--global-palette1, #3182CE);width:80%;border-top-style:solid;}<\/style>\n<div class=\"wp-block-kadence-spacer aligncenter kt-block-spacer-82_0b4641-1a\"><div class=\"kt-block-spacer kt-block-spacer-halign-center\"><hr class=\"kt-divider\"\/><\/div><\/div>\n","protected":false},"excerpt":{"rendered":"<p>Wie steckt man sich mit Humanen Papillomaviren an? Die Infektion mit HPV findet meistens in den ersten Jahren der sexuellen Aktivit\u00e4t durch direkten Kontakt an Haut und Schleimhaut von Penis, Scheide, Geb\u00e4rmutterhals, Analregion oder Mund statt. Seltener wird HPV auch durch Schmierinfektionen bei Benutzung von Gegenst\u00e4nden, z.B. durch gemeinsam benutzte Zahnb\u00fcrsten oder Trinkgl\u00e4ser \u00fcbertragen. Auch&#8230;<\/p>\n","protected":false},"author":3,"featured_media":0,"parent":0,"menu_order":0,"comment_status":"closed","ping_status":"closed","template":"","meta":{"_kad_post_transparent":"default","_kad_post_title":"hide","_kad_post_layout":"fullwidth","_kad_post_sidebar_id":"","_kad_post_content_style":"unboxed","_kad_post_vertical_padding":"","_kad_post_feature":"","_kad_post_feature_position":"","_kad_post_header":false,"_kad_post_footer":false,"footnotes":""},"class_list":["post-82","page","type-page","status-publish","hentry"],"_links":{"self":[{"href":"https:\/\/hpvwissen.fh-salzburg.ac.at\/index.php?rest_route=\/wp\/v2\/pages\/82","targetHints":{"allow":["GET"]}}],"collection":[{"href":"https:\/\/hpvwissen.fh-salzburg.ac.at\/index.php?rest_route=\/wp\/v2\/pages"}],"about":[{"href":"https:\/\/hpvwissen.fh-salzburg.ac.at\/index.php?rest_route=\/wp\/v2\/types\/page"}],"author":[{"embeddable":true,"href":"https:\/\/hpvwissen.fh-salzburg.ac.at\/index.php?rest_route=\/wp\/v2\/users\/3"}],"replies":[{"embeddable":true,"href":"https:\/\/hpvwissen.fh-salzburg.ac.at\/index.php?rest_route=%2Fwp%2Fv2%2Fcomments&post=82"}],"version-history":[{"count":25,"href":"https:\/\/hpvwissen.fh-salzburg.ac.at\/index.php?rest_route=\/wp\/v2\/pages\/82\/revisions"}],"predecessor-version":[{"id":1076,"href":"https:\/\/hpvwissen.fh-salzburg.ac.at\/index.php?rest_route=\/wp\/v2\/pages\/82\/revisions\/1076"}],"wp:attachment":[{"href":"https:\/\/hpvwissen.fh-salzburg.ac.at\/index.php?rest_route=%2Fwp%2Fv2%2Fmedia&parent=82"}],"curies":[{"name":"wp","href":"https:\/\/api.w.org\/{rel}","templated":true}]}}