{"id":142,"date":"2023-02-20T19:46:49","date_gmt":"2023-02-20T19:46:49","guid":{"rendered":"https:\/\/hpvwissen.fh-salzburg.ac.at\/?page_id=142"},"modified":"2023-06-15T09:11:59","modified_gmt":"2023-06-15T09:11:59","slug":"team-kontakt","status":"publish","type":"page","link":"https:\/\/hpvwissen.fh-salzburg.ac.at\/?page_id=142","title":{"rendered":"Team &#038; Kontakt"},"content":{"rendered":"\n<p>Wir sind ein Team aus <a href=\"https:\/\/www.fh-salzburg.ac.at\/studium\/gw\/biomedizinische-analytik-bachelor\/team-kontakt\">Forscher*innen des Studiengangs Biomedizinische Analytik<\/a> an der Fachhochschule Salzburg und eine gute Aufkl\u00e4rung \u00fcber HPV, vor allem f\u00fcr Eltern und ihre Kinder, ist uns allen ein gro\u00dfes Anliegen. Das hat auch den Hintergrund, dass die Studiengangsleiterin Geja Oostingh selbst betroffene Geb\u00e4rmutterhalskrebs-Patientin ist.<\/p>\n\n\n\n<p>Doch was ist eigentlich Biomedizinische Analytik und was machen wir? Erkrankungen erkennen und vorbeugen \u2013 die biomedizinische Analytik spielt im modernen Gesundheitswesen eine tragende Rolle. Exakte Laborwerte helfen nicht nur dabei, Krankheiten fr\u00fchzeitig zu diagnostizieren. Sie sind auch ma\u00dfgebend in den Bereichen Pr\u00e4vention und Gesundheitsf\u00f6rderung. Der Studiengang Biomedizinische Analytik an der Fachhochschule Salzburg geh\u00f6rt zu den gehobenen medizinisch-technischen Diensten in \u00d6sterreich. Ausbildung und Forschung findet zum Teil in den Laboratorien des Uniklinikums Salzburg (SALK) statt.<\/p>\n\n\n\n<p>Wir sind verantwortlich f\u00fcr standardisierte Vergleichsmessungen verschiedener Parameter aus den Bereichen H\u00e4matologie, H\u00e4mostaseologie, Klinische Chemie, Immunologie, Zellkultur und Mikrobiologie mit interner und externer Qualit\u00e4tskontrolle. Das hei\u00dft einfach erkl\u00e4rt: seien es die mittlerweile vielbekannten SARS-CoV2-Antik\u00f6rper-Messungen oder Schnelltests, die Werte eines Blutbildes, Lungenfunktionsmessungen, PAP-Abstriche, HPV-Tests\u2026. das alles landet bei uns im Labor und bildet somit die Basis f\u00fcr Diagnosen, Fr\u00fcherkennung, medizinische Behandlungen etc. <\/p>\n\n\n\n<p><em><strong>Haben Sie Fragen, Anregungen oder Ideen zu HPV oder unserer Website? M\u00f6chten Sie einen Schulworkshop buchen oder Gast in unserem Podcast \u201eLasst uns \u00fcber HPV reden!\u201c sein? Wir freuen uns auf Ihre Email! Schreiben Sie uns unter <a href=\"mailto:hpv.bma@fh-salzburg.ac.at\">hpv.bma@fh-salzburg.ac.at<\/a> &nbsp;<\/strong><\/em><\/p>\n\n\n<style>.kb-row-layout-id_511462-7d > .kt-row-column-wrap{align-content:start;}:where(.kb-row-layout-id_511462-7d > .kt-row-column-wrap) > .wp-block-kadence-column{justify-content:start;}.kb-row-layout-id_511462-7d > .kt-row-column-wrap{column-gap:var(--global-kb-gap-md, 2rem);row-gap:var(--global-kb-gap-md, 2rem);padding-top:var(--global-kb-spacing-sm, 1.5rem);padding-bottom:var(--global-kb-spacing-sm, 1.5rem);grid-template-columns:minmax(0, 1fr);}.kb-row-layout-id_511462-7d > .kt-row-layout-overlay{opacity:0.30;}@media all and (max-width: 1024px){.kb-row-layout-id_511462-7d > .kt-row-column-wrap{grid-template-columns:minmax(0, 1fr);}}@media all and (max-width: 767px){.kb-row-layout-id_511462-7d > .kt-row-column-wrap{grid-template-columns:minmax(0, 1fr);}}<\/style><div class=\"kb-row-layout-wrap kb-row-layout-id_511462-7d alignnone wp-block-kadence-rowlayout\"><div class=\"kt-row-column-wrap kt-has-1-columns kt-row-layout-equal kt-tab-layout-inherit kt-mobile-layout-row kt-row-valign-top\">\n<style>.kadence-column_17c4fd-80 > .kt-inside-inner-col,.kadence-column_17c4fd-80 > .kt-inside-inner-col:before{border-top-left-radius:0px;border-top-right-radius:0px;border-bottom-right-radius:0px;border-bottom-left-radius:0px;}.kadence-column_17c4fd-80 > .kt-inside-inner-col{column-gap:var(--global-kb-gap-sm, 1rem);}.kadence-column_17c4fd-80 > .kt-inside-inner-col{flex-direction:column;}.kadence-column_17c4fd-80 > .kt-inside-inner-col > .aligncenter{width:100%;}.kadence-column_17c4fd-80 > .kt-inside-inner-col:before{opacity:0.3;}.kadence-column_17c4fd-80{position:relative;}@media all and (max-width: 1024px){.kadence-column_17c4fd-80 > .kt-inside-inner-col{flex-direction:column;justify-content:center;}}@media all and (max-width: 767px){.kadence-column_17c4fd-80 > .kt-inside-inner-col{flex-direction:column;justify-content:center;}}<\/style>\n<div class=\"wp-block-kadence-column kadence-column_17c4fd-80\"><div class=\"kt-inside-inner-col\"><style>.kb-image_89546b-d5 .kb-image-has-overlay:after{opacity:0.3;}<\/style>\n<div class=\"wp-block-kadence-image kb-image_89546b-d5\"><figure class=\"aligncenter size-full\"><img loading=\"lazy\" decoding=\"async\" width=\"479\" height=\"327\" src=\"https:\/\/hpvwissen.fh-salzburg.ac.at\/wp-content\/uploads\/2023\/03\/Bild1.png\" alt=\"\" class=\"kb-img wp-image-517\" srcset=\"https:\/\/hpvwissen.fh-salzburg.ac.at\/wp-content\/uploads\/2023\/03\/Bild1.png 479w, https:\/\/hpvwissen.fh-salzburg.ac.at\/wp-content\/uploads\/2023\/03\/Bild1-300x205.png 300w\" sizes=\"auto, (max-width: 479px) 100vw, 479px\" \/><\/figure><\/div>\n<\/div><\/div>\n\n<\/div><\/div>","protected":false},"excerpt":{"rendered":"<p>Wir sind ein Team aus Forscher*innen des Studiengangs Biomedizinische Analytik an der Fachhochschule Salzburg und eine gute Aufkl\u00e4rung \u00fcber HPV, vor allem f\u00fcr Eltern und ihre Kinder, ist uns allen ein gro\u00dfes Anliegen. Das hat auch den Hintergrund, dass die Studiengangsleiterin Geja Oostingh selbst betroffene Geb\u00e4rmutterhalskrebs-Patientin ist. Doch was ist eigentlich Biomedizinische Analytik und was&#8230;<\/p>\n","protected":false},"author":3,"featured_media":0,"parent":0,"menu_order":0,"comment_status":"closed","ping_status":"closed","template":"","meta":{"_kad_post_transparent":"","_kad_post_title":"","_kad_post_layout":"","_kad_post_sidebar_id":"","_kad_post_content_style":"","_kad_post_vertical_padding":"","_kad_post_feature":"","_kad_post_feature_position":"","_kad_post_header":false,"_kad_post_footer":false,"footnotes":""},"class_list":["post-142","page","type-page","status-publish","hentry"],"_links":{"self":[{"href":"https:\/\/hpvwissen.fh-salzburg.ac.at\/index.php?rest_route=\/wp\/v2\/pages\/142","targetHints":{"allow":["GET"]}}],"collection":[{"href":"https:\/\/hpvwissen.fh-salzburg.ac.at\/index.php?rest_route=\/wp\/v2\/pages"}],"about":[{"href":"https:\/\/hpvwissen.fh-salzburg.ac.at\/index.php?rest_route=\/wp\/v2\/types\/page"}],"author":[{"embeddable":true,"href":"https:\/\/hpvwissen.fh-salzburg.ac.at\/index.php?rest_route=\/wp\/v2\/users\/3"}],"replies":[{"embeddable":true,"href":"https:\/\/hpvwissen.fh-salzburg.ac.at\/index.php?rest_route=%2Fwp%2Fv2%2Fcomments&post=142"}],"version-history":[{"count":13,"href":"https:\/\/hpvwissen.fh-salzburg.ac.at\/index.php?rest_route=\/wp\/v2\/pages\/142\/revisions"}],"predecessor-version":[{"id":807,"href":"https:\/\/hpvwissen.fh-salzburg.ac.at\/index.php?rest_route=\/wp\/v2\/pages\/142\/revisions\/807"}],"wp:attachment":[{"href":"https:\/\/hpvwissen.fh-salzburg.ac.at\/index.php?rest_route=%2Fwp%2Fv2%2Fmedia&parent=142"}],"curies":[{"name":"wp","href":"https:\/\/api.w.org\/{rel}","templated":true}]}}