{"id":137,"date":"2023-02-20T19:43:43","date_gmt":"2023-02-20T19:43:43","guid":{"rendered":"https:\/\/hpvwissen.fh-salzburg.ac.at\/?page_id=137"},"modified":"2023-05-17T13:49:22","modified_gmt":"2023-05-17T13:49:22","slug":"impressum","status":"publish","type":"page","link":"https:\/\/hpvwissen.fh-salzburg.ac.at\/?page_id=137","title":{"rendered":"Impressum"},"content":{"rendered":"\n<h3 class=\"wp-block-heading\"><strong>Medieninhaber und Herausgeber:<\/strong><\/h3>\n\n\n\n<p>Fachhochschule Salzburg GmbH<\/p>\n\n\n\n<p>UID: ATU 44554503<br>Firmenbuchnummer: FN 166054y<br>Firmenbuchgericht: Landesgericht Salzburg<\/p>\n\n\n\n<p><strong>Unternehmensgegenstand<\/strong>: Gem\u00e4\u00df Fachhochschul-Studiengesetz (FHStG): Durchf\u00fchrung von Fachhochschulstudieng\u00e4ngen und Lehrg\u00e4ngen zur Weiterbildung;&nbsp;Durchf\u00fchrung wissenschaftlicher Forschungs- und Entwicklungsarbeiten im Sinne des Fachhochschul-Studiengesetzes sowie Veranstaltung wissenschaftlicher Vortr\u00e4ge, Seminare, Tagungen, Kurse, wissenschaftlicher Symposien und Diskussionen.<\/p>\n\n\n\n<p>F\u00fcr den Inhalt der Website verantwortlich: Die Gesch\u00e4ftsf\u00fchrung der FH Salzburg GmbH<br>Inhaltliche und redaktionelle Verantwortung:&nbsp;Studiengang Biomedizinische Analytik<br>Urstein S\u00fcd 1 A-5412 Puch\/Salzburg<\/p>\n\n\n\n<p>T +43-(0)50-2211-0<br>F +43-(0)50-2211-1410<\/p>\n\n\n\n<p>Web: <a rel=\"noreferrer noopener\" href=\"http:\/\/www.fh-salzburg.ac.at\/\" target=\"_blank\">http:\/\/www.fh-salzburg.ac.at<\/a><\/p>\n\n\n\n<p>Email: <a href=\"mailto:hpv.bma@fh-salzburg.ac.at\">hpv.bma@fh-salzburg.ac.at<\/a> <em><strong>&nbsp;<\/strong><\/em><\/p>\n\n\n<style>.kb-row-layout-id_68b5c1-be > .kt-row-column-wrap{align-content:start;}:where(.kb-row-layout-id_68b5c1-be > .kt-row-column-wrap) > .wp-block-kadence-column{justify-content:start;}.kb-row-layout-id_68b5c1-be > .kt-row-column-wrap{column-gap:var(--global-kb-gap-md, 2rem);row-gap:var(--global-kb-gap-md, 2rem);padding-top:var(--global-kb-spacing-sm, 1.5rem);padding-bottom:var(--global-kb-spacing-sm, 1.5rem);grid-template-columns:minmax(0, 1fr);}.kb-row-layout-id_68b5c1-be > .kt-row-layout-overlay{opacity:0.30;}@media all and (max-width: 1024px){.kb-row-layout-id_68b5c1-be > .kt-row-column-wrap{grid-template-columns:minmax(0, 1fr);}}@media all and (max-width: 767px){.kb-row-layout-id_68b5c1-be > .kt-row-column-wrap{grid-template-columns:minmax(0, 1fr);}}<\/style><div class=\"kb-row-layout-wrap kb-row-layout-id_68b5c1-be alignnone wp-block-kadence-rowlayout\"><div class=\"kt-row-column-wrap kt-has-1-columns kt-row-layout-equal kt-tab-layout-inherit kt-mobile-layout-row kt-row-valign-top\">\n<style>.kadence-column_ce77f5-43 > .kt-inside-inner-col,.kadence-column_ce77f5-43 > .kt-inside-inner-col:before{border-top-left-radius:0px;border-top-right-radius:0px;border-bottom-right-radius:0px;border-bottom-left-radius:0px;}.kadence-column_ce77f5-43 > .kt-inside-inner-col{column-gap:var(--global-kb-gap-sm, 1rem);}.kadence-column_ce77f5-43 > .kt-inside-inner-col{flex-direction:column;}.kadence-column_ce77f5-43 > .kt-inside-inner-col > .aligncenter{width:100%;}.kadence-column_ce77f5-43 > .kt-inside-inner-col:before{opacity:0.3;}.kadence-column_ce77f5-43{position:relative;}@media all and (max-width: 1024px){.kadence-column_ce77f5-43 > .kt-inside-inner-col{flex-direction:column;justify-content:center;}}@media all and (max-width: 767px){.kadence-column_ce77f5-43 > .kt-inside-inner-col{flex-direction:column;justify-content:center;}}<\/style>\n<div class=\"wp-block-kadence-column kadence-column_ce77f5-43\"><div class=\"kt-inside-inner-col\">\n<h3 class=\"wp-block-heading\"><strong>Datenschutz<\/strong><\/h3>\n\n\n\n<p>Der Fachhochschule Salzburg GmbH ist ein sorgsamer Umgang mit Ihren personenbezogenen Daten und deren Schutz ein gro\u00dfes Anliegen. Wir behandeln die uns anvertrauten Daten entsprechend streng vertraulich und verarbeiten diese ausschlie\u00dflich auf Grundlage der gesetzlichen Bestimmungen, insbesondere der Europ\u00e4ischen Datenschutzgrundverordnung (DSGVO) und dem \u00f6sterreichischen Datenschutzgesetz (DSG).<\/p>\n\n\n\n<p>An dieser Stelle m\u00f6chten wir Sie daher \u00fcber die von uns vorgenommenen Datenverarbeitungen, deren Art, Umfang und Zwecke und Ihre diesbez\u00fcglichen Rechte informieren.<\/p>\n\n\n\n<p>Diese Datenschutzerkl\u00e4rung bezieht sich auf die jeweils g\u00fcltige Rechtslage. Wir behalten uns k\u00fcnftige \u00c4nderungen oder Anpassungen ausdr\u00fccklich vor. Daher empfehlen wir Ihnen, sich regelm\u00e4\u00dfig in diesem Bereich unserer Website \u00fcber etwaige Ver\u00e4nderungen in der Verarbeitung personenbezogener Daten am Laufenden zu halten.<\/p>\n\n\n\n<p>Verantwortliche f\u00fcr die im Folgenden angef\u00fchrten Datenverarbeitungen ist die<\/p>\n\n\n\n<p>Fachhochschule Salzburg GmbH<br>Urstein S\u00fcd 1, 5412 Puch\/Salzburg<br>Telefon: +43 50 2211 0<br>E-Mail: <a href=\"mailto:office@fh-salzburg.ac.at\">office@fh-salzburg.ac.at<\/a><\/p>\n\n\n\n<p><strong>1.<\/strong> <strong>Website Besucher*innen<\/strong><\/p>\n\n\n\n<p>Beim Besuch unserer Website ist die Verarbeitung personenbezogener Daten technisch erforderlich, um Ihnen die Website anzuzeigen sowie deren Stabilit\u00e4t und Sicherheit zu gew\u00e4hrleisten. Dadurch wird eine Nachvollziehbarkeit von Fehlern sowie eine nachhaltige Fehlerbehebung unterst\u00fctzt. Zudem dient die Verarbeitung der Verbesserung der Qualit\u00e4t und Weiterentwicklung der Website, der Erh\u00f6hung der Benutzerfreundlichkeit, der Vermeidung von und Abhilfe bei rechtswidriger Nutzung der Websiteinhalte und statistischen Auswertungen.<\/p>\n\n\n\n<p>Folgende personenbezogene Daten werden von Ihrem Browser an unseren Server \u00fcbermittelt und in sogenannten Logfiles gespeichert:<\/p>\n\n\n\n<ul class=\"wp-block-list\">\n<li>Verwendete IP-Adresse<\/li>\n\n\n\n<li>Datum und Uhrzeit des Zugriffs<\/li>\n\n\n\n<li>Website der einlangenden Anforderung (Quelle\/Verweis, von welchem Sie auf die Seite gelangt sind)<\/li>\n<\/ul>\n\n\n\n<p>Rechtsgrundlage f\u00fcr die Verarbeitung der Daten bzw. der Logfiles ist ein \u00fcberwiegendes berechtigtes Interesse der Fachhochschule Salzburg (Art. 6 Abs 1 lit f DSGVO) an der Sicherstellung der Funktionsf\u00e4higkeit und Sicherheit der Website.<\/p>\n\n\n\n<p>Die Daten werden gel\u00f6scht, sobald sie zur Erreichung des Zwecks ihrer Erhebung nicht mehr erforderlich sind, sp\u00e4testens jedoch nach 90 Tagen. Zur Unterst\u00fctzung und Verbesserung unseres Online-Auftritts werden spezialisierte DienstleisterInnen in den Bereichen Website-Gestaltung und Online-Marketing f\u00fcr uns t\u00e4tig, die ihm Rahmen der Auftragsverarbeitung Zugriff auf Ihre Daten erhalten. Ihre Daten werden jedoch nicht an Dritte weitergeleitet.<\/p>\n\n\n\n<p>Um das Ranking unserer Websites bei Google kontinuierlich zu optimieren, nutzen wir die Google Search Console. Die Google Search Console ist ein Webanalyse-Service, der von Google bereitgestellt wird.<\/p>\n\n\n\n<p>Mit Hilfe der Google Search Console f\u00fchren wir Suchanalysen durch, um Informationen dar\u00fcber zu erhalten, wie h\u00e4ufig unsere Websites in den Suchergebnissen von Google angezeigt werden. Dadurch k\u00f6nnen wir den Indexierungsstatus unserer Websites \u00fcberwachen und verwalten.<\/p>\n\n\n\n<p>Wir m\u00f6chten betonen, dass bei der Verwendung der Google Search Console keinerlei personenbezogene Nutzerdaten verarbeitet oder an Google weitergegeben werden. Unser Fokus liegt ausschlie\u00dflich auf der Verbesserung der Suchergebnisse und der Performance unserer Websites.<\/p>\n\n\n\n<p><strong>2<\/strong>. <strong>Kontaktaufnahme per Email, Brief oder Telefon<\/strong><\/p>\n\n\n\n<p>Wenn Sie mit uns Kontakt aufnehmen, verarbeiten wir die von Ihnen bekannt gegebenen Informationen und Daten (Name, Personenstammdaten, Kontaktdaten, fallspezifische Informationen Ihres Anliegens, eventuell technische \u00dcbertragungsdaten), um Ihr Anliegen zu bearbeiten. Falls die Daten dar\u00fcber hinaus zu anderen Zwecken verarbeitet werden, werden Sie gesondert dar\u00fcber informiert (z.B. im Rahmen einer aufrechten Gesch\u00e4ftsbeziehung, bei einer Bewerbung als StudierendeR oder MitarbeiterIn).<\/p>\n\n\n\n<p>Ihre Daten verarbeiten wir je nach Anlassfall aufgrund Ihrer Einwilligung (Art. 6 Abs 1 lit a DSGVO), eines vorvertraglichen oder bestehenden Vertragsverh\u00e4ltnisses (Art. 6 Abs 1 lit b DSGVO), einer gesetzlichen Verpflichtung (Art. 6 Abs 1 lit c DSGVO) oder \u00fcberwiegender berechtigter Interessen der FH Salzburg (Art. 6 Abs 1 lit f DSGVO).<\/p>\n\n\n\n<p>Die in diesem Zusammenhang anfallenden Daten werden nach Wegfall des Zwecks, zu dem sie verarbeitet werden, wieder gel\u00f6scht, insofern nicht ein dar\u00fcber hinaus gehender Grund (z.B. eine gesetzliche oder vertragliche Verpflichtung) eine l\u00e4ngere Speicherung erfordert. Zur technischen Unterst\u00fctzung setzen wir diverse IT-Dienstleistungen ein, die als AuftragsverarbeiterInnen uU Zugriff auf Ihre Daten haben (z.B. im Supportfall, bei Cloudspeicherung, etc.).<\/p>\n\n\n\n<p>Sollten Sie mit uns oder unseren MitarbeiterInnen per E-Mail in Kontakt treten wollen, weisen wir darauf hin, dass die Vertraulichkeit der \u00fcbermittelten Informationen nicht gew\u00e4hrleistet ist. Der Inhalt von E-Mails kann aufgrund ihrer technischen Konzeption von Dritten eingesehen werden, sofern nicht besondere technische Sicherheitsma\u00dfnahmen ergriffen werden. Bitte senden Sie daher keine vertraulichen Informationen per E-Mail.<\/p>\n\n\n\n<p><strong>3. Fotos und Videos<\/strong><\/p>\n\n\n\n<p>Im Rahmen einer Veranstaltung k\u00f6nnen von der FH Salzburg aus einem \u00fcberwiegenden berechtigten Interesse an der Dokumentation, Berichterstattung und Publikation der Veranstaltung Bild- und Videoaufnahmen erstellt werden (Art. 6 Abs 1 lit f DSGVO).<\/p>\n\n\n\n<p>Durch die Anmeldung und freiwilligen Teilnahme an der Veranstaltung nehmen die TeilnehmerInnen zur Kenntnis, dass die FH Salzburg unentgeltlich das Recht hat, die oben genannten Aufnahmen zeitlich, \u00f6rtlich und inhaltlich f\u00fcr PR- und Marketingzwecke, auch in bearbeiteter&nbsp; Form und mit\/ohne Namensnennung in Print und Online zur Ver\u00f6ffentlichung auf der eigenen \u00f6ffentlichen Website, auf den Social Media Seiten (zB Facebook, Twitter, Instagram), in Publikationen der FH Salzburg (zB Campuszeitung, Jahresbericht) und f\u00fcr Presseaussendungen zu nutzen.<\/p>\n\n\n\n<p>Im Rahmen dieser Verarbeitung werden die Fotos im Anlassfall an Dienstleister (zB Druckerei, Medieninhaber, etc.) weitergegeben.<\/p>\n\n\n\n<p>Werden Bild- oder Videoaufnahmen auf unseren Social Media Kan\u00e4len ver\u00f6ffentlicht, kann es zur Daten\u00fcbermittlung in Drittstaaten kommen (v.a. USA), f\u00fcr die kein Angemessenheitsbeschluss der Europ\u00e4ischen Kommission besteht. In diesen F\u00e4llen bem\u00fchen wir uns durch den Einsatz geeigneter Garantien gem. Art. 44 ff DSGVO ein angemessenes Datenschutzniveau zu gew\u00e4hrleisten.<\/p>\n\n\n\n<p>Ausgew\u00e4hlte Bild- und Tonaufnahmen der Veranstaltung werden f\u00fcr die Dauer des Bestandes der FH Salzburg zur Darstellung der Veranstaltung archiviert, die restlichen Aufnahmen werden zeitnah nach der Veranstaltung gel\u00f6scht.<\/p>\n\n\n\n<p>Um allf\u00e4llige Bild- oder Videoaufnahmen Ihrer Person zu vermeiden, besteht nach R\u00fccksprache mit den OrganisatorInnen vor Ort auch die M\u00f6glichkeit, sich au\u00dferhalb der Aufnahmeeinstellung zu positionieren.<\/p>\n\n\n\n<p><strong>4. Datensicherheit<\/strong><\/p>\n\n\n\n<p>Wir treffen alle notwendigen und angemessenen technischen und organisatorischen Sicherheitsma\u00dfnahmen, um Ihre personenbezogenen Daten vor Verlust und Missbrauch zu sch\u00fctzen. Ihre Daten werden in einer sicheren, dem Stand der Technik entsprechenden Betriebsumgebung gespeichert.<\/p>\n\n\n\n<p>Der Zugang zu unseren Websites wird \u00fcber HTTPS gesichert, wenn Ihr Browser SSL unterst\u00fctzt. Das bedeutet, dass die Kommunikation zwischen Ihrem Endger\u00e4t und unseren Servern diesfalls verschl\u00fcsselt erfolgt.<\/p>\n\n\n\n<p>Die von Ihnen ein- oder bekanntgegebenen personenbezogenen Daten werden vor unberechtigten Zugriffen durch verschl\u00fcsselte \u00dcbertragung, zugriffsgesch\u00fctzte nach au\u00dfen nicht zug\u00e4ngliche Speicherung und physische Schutzma\u00dfnahmen f\u00fcr die Server gesch\u00fctzt. Die Sicherungsma\u00dfnahmen werden entsprechend der technologischen Entwicklung fortlaufend \u00fcberarbeitet. Derartige Ma\u00dfnahmen umfassen SSL Verschl\u00fcsselung, regelm\u00e4\u00dfige Soft- und Hardwareupdates, permanentes Server-Monitoring und Backup-Management durch die Fachhochschule Salzburg GmbH.<\/p>\n\n\n\n<p><strong>5. Datenschutzrechtliche Rechte<\/strong><\/p>\n\n\n\n<p>Im Zusammenhang mit diesen Datenverarbeitungen stehen Ihnen folgende Rechte zu:<\/p>\n\n\n\n<ul class=\"wp-block-list\">\n<li>Auskunft<\/li>\n\n\n\n<li>Berichtigung<\/li>\n\n\n\n<li>L\u00f6schung<\/li>\n\n\n\n<li>Einschr\u00e4nkung der Verarbeitung<\/li>\n\n\n\n<li>Widerspruch<\/li>\n\n\n\n<li>Daten\u00fcbertragbarkeit<\/li>\n<\/ul>\n\n\n\n<p>der personenbezogenen Daten, die Sie bei dem unten angef\u00fchrten Kontakt geltend machen k\u00f6nnen.<\/p>\n\n\n\n<p>Sofern die Datenverarbeitung auf Grund Ihrer Einwilligung (Art. 6 Abs 1 lit a DSGVO) erfolgt, k\u00f6nnen Sie diese jederzeit widerrufen, wobei die Rechtm\u00e4\u00dfigkeit der bis zum Widerruf erfolgten Datenverarbeitung nicht ber\u00fchrt wird.<\/p>\n\n\n\n<p>Fachhochschule Salzburg GmbH<br>Stabstelle Datenschutz \/ DatenschutzbeauftrageR<br>Urstein S\u00fcd 1, 5412 Puch\/Salzburg<br>Tel: +43-(0)50-2211-0<br>E-Mail: <a href=\"mailto:datenschutz@fh-salzburg.ac.at\">datenschutz@fh-salzburg.ac.at<\/a><\/p>\n\n\n\n<p>Auch f\u00fcr allgemeine R\u00fcckfragen und Anliegen zum Thema Datenschutz stehen wir Ihnen gerne zur Verf\u00fcgung.<\/p>\n<\/div><\/div>\n\n<\/div><\/div>","protected":false},"excerpt":{"rendered":"<p>Medieninhaber und Herausgeber: Fachhochschule Salzburg GmbH UID: ATU 44554503Firmenbuchnummer: FN 166054yFirmenbuchgericht: Landesgericht Salzburg Unternehmensgegenstand: Gem\u00e4\u00df Fachhochschul-Studiengesetz (FHStG): Durchf\u00fchrung von Fachhochschulstudieng\u00e4ngen und Lehrg\u00e4ngen zur Weiterbildung;&nbsp;Durchf\u00fchrung wissenschaftlicher Forschungs- und Entwicklungsarbeiten im Sinne des Fachhochschul-Studiengesetzes sowie Veranstaltung wissenschaftlicher Vortr\u00e4ge, Seminare, Tagungen, Kurse, wissenschaftlicher Symposien und Diskussionen. F\u00fcr den Inhalt der Website verantwortlich: Die Gesch\u00e4ftsf\u00fchrung der FH Salzburg GmbHInhaltliche&#8230;<\/p>\n","protected":false},"author":3,"featured_media":0,"parent":0,"menu_order":0,"comment_status":"closed","ping_status":"closed","template":"","meta":{"_kad_post_transparent":"","_kad_post_title":"","_kad_post_layout":"","_kad_post_sidebar_id":"","_kad_post_content_style":"","_kad_post_vertical_padding":"","_kad_post_feature":"","_kad_post_feature_position":"","_kad_post_header":false,"_kad_post_footer":false,"footnotes":""},"class_list":["post-137","page","type-page","status-publish","hentry"],"_links":{"self":[{"href":"https:\/\/hpvwissen.fh-salzburg.ac.at\/index.php?rest_route=\/wp\/v2\/pages\/137","targetHints":{"allow":["GET"]}}],"collection":[{"href":"https:\/\/hpvwissen.fh-salzburg.ac.at\/index.php?rest_route=\/wp\/v2\/pages"}],"about":[{"href":"https:\/\/hpvwissen.fh-salzburg.ac.at\/index.php?rest_route=\/wp\/v2\/types\/page"}],"author":[{"embeddable":true,"href":"https:\/\/hpvwissen.fh-salzburg.ac.at\/index.php?rest_route=\/wp\/v2\/users\/3"}],"replies":[{"embeddable":true,"href":"https:\/\/hpvwissen.fh-salzburg.ac.at\/index.php?rest_route=%2Fwp%2Fv2%2Fcomments&post=137"}],"version-history":[{"count":8,"href":"https:\/\/hpvwissen.fh-salzburg.ac.at\/index.php?rest_route=\/wp\/v2\/pages\/137\/revisions"}],"predecessor-version":[{"id":767,"href":"https:\/\/hpvwissen.fh-salzburg.ac.at\/index.php?rest_route=\/wp\/v2\/pages\/137\/revisions\/767"}],"wp:attachment":[{"href":"https:\/\/hpvwissen.fh-salzburg.ac.at\/index.php?rest_route=%2Fwp%2Fv2%2Fmedia&parent=137"}],"curies":[{"name":"wp","href":"https:\/\/api.w.org\/{rel}","templated":true}]}}